{"id":38,"date":"2024-11-18T00:56:36","date_gmt":"2024-11-18T00:56:36","guid":{"rendered":"https:\/\/sportmentalcoachgianni.ch\/?page_id=38"},"modified":"2025-06-16T08:37:50","modified_gmt":"2025-06-16T08:37:50","slug":"uber-mich","status":"publish","type":"page","link":"https:\/\/sportmentalcoachgianni.ch\/?page_id=38","title":{"rendered":"\u00dcber mich"},"content":{"rendered":"\n<div id=\"wp-block-themeisle-blocks-advanced-columns-02d86e0d\" class=\"wp-block-themeisle-blocks-advanced-columns alignfull has-1-columns has-desktop-equal-layout has-tablet-equal-layout has-mobile-collapsedRows-layout has-vertical-center ticss-c00aadba\"><div class=\"wp-block-themeisle-blocks-advanced-columns-overlay\"><\/div><div class=\"innerblocks-wrap\">\n<div id=\"wp-block-themeisle-blocks-advanced-column-853c0cd5\" class=\"wp-block-themeisle-blocks-advanced-column\">\n<p id=\"wp-block-themeisle-blocks-advanced-heading-15dd99e6\" class=\"wp-block-themeisle-blocks-advanced-heading wp-block-themeisle-blocks-advanced-heading-15dd99e6\">&#171;Sportler sind Menschen, Menschen sind faszinierend und was mich fasziniert,<br>ist Menschen zu f\u00f6rdern&#187;<\/p>\n<\/div>\n<\/div><\/div>\n\n\n\n<p>Ehi, ich bin Gianni Castellano \u2013 Sport Mental Coach, Karrierenarchitekt, Trainer im Leistungssport und Unternehmer, ich lebe mit meiner Frau und meinem Sohn im ruhigen Kanton Solothurn.<\/p>\n\n\n\n<p>Seit \u00fcber 20 Jahren begleite und fordere ich Menschen, entwickle und f\u00f6rdere (ihre) Projekte und organisiere SportEvents. Der Sport war dabei immer mein roter Faden \u2013 als Trainer, als Beobachter, als jemand, der fasziniert ist vom Zusammenspiel aus K\u00f6rper, Kopf und Emotion.<\/p>\n\n\n\n<p>In meiner Arbeit nehme ich je nach Situation unterschiedliche Rollen ein:<br><strong>Als Coach<\/strong> begleite ich dich in deiner Entwicklung, stelle Fragen, h\u00f6re genau hin.<br><strong>Als Berater<\/strong> gebe ich dir Impulse und Strategien, die sich in der Praxis bew\u00e4hren.<br><strong>Als Trainer<\/strong> unterst\u00fctze ich dich dabei, mentale Techniken konkret einzu\u00fcben.<\/p>\n\n\n\n<p>Ich arbeite ruhig, strukturiert und auf Augenh\u00f6he. Meine Haltung ist klar:<em> Ich glaube an das Potenzial in jedem Menschen<\/em> \u2013 und daran, dass mentale St\u00e4rke trainierbar ist. Ich bin authentisch, optimistisch und \u00fcberzeugt, dass Ver\u00e4nderungen m\u00f6glich sind, wenn man bereit ist, Verantwortung zu \u00fcbernehmen.<\/p>\n\n\n\n<p>Ich begleite Menschen, die gestalten wollen, die im entscheidenden Moment pr\u00e4sent sein m\u00f6chten und die verstanden haben, dass Erfolg im Kopf beginnt.<\/p>\n\n\n\n<p>Ausbildung &amp; Erfahrung<br>\u2013 Diplomierter Sport Mental Coach<br>\u2013 Mehrj\u00e4hrige T\u00e4tigkeit als Trainer im Leistungssport<br>\u2013 Ehemaliger Leistungssportler<br>\u2013 \u00dcber 20 Jahre Erfahrung als Unternehmer und Eventorganisator<br>\u2013 Gr\u00fcnder des Women\u2019sCup<br>\u2013 Sprachen: Deutsch, Italienisch, Englisch, Spanisch<\/p>\n\n\n\n<p><\/p>\n","protected":false},"excerpt":{"rendered":"<p>Ehi, ich bin Gianni Castellano \u2013 Sport Mental Coach, Karrierenarchitekt, Trainer im Leistungssport und Unternehmer, ich lebe mit meiner Frau und meinem [&hellip;]<\/p>\n","protected":false},"author":1,"featured_media":0,"parent":0,"menu_order":0,"comment_status":"closed","ping_status":"closed","template":"","meta":{"_eb_attr":"","_uag_custom_page_level_css":"","_themeisle_gutenberg_block_has_review":false,"footnotes":""},"class_list":["post-38","page","type-page","status-publish","hentry"],"uagb_featured_image_src":{"full":false,"thumbnail":false,"medium":false,"medium_large":false,"large":false,"1536x1536":false,"2048x2048":false,"sydney-large-thumb":false,"sydney-medium-thumb":false,"sydney-small-thumb":false,"sydney-service-thumb":false,"sydney-mas-thumb":false},"uagb_author_info":{"display_name":"sportmentalcoachgianni","author_link":"https:\/\/sportmentalcoachgianni.ch\/?author=1"},"uagb_comment_info":0,"uagb_excerpt":"Ehi, ich bin Gianni Castellano \u2013 Sport Mental Coach, Karrierenarchitekt, Trainer im Leistungssport und Unternehmer, ich lebe mit meiner Frau und meinem [&hellip;]","_links":{"self":[{"href":"https:\/\/sportmentalcoachgianni.ch\/index.php?rest_route=\/wp\/v2\/pages\/38","targetHints":{"allow":["GET"]}}],"collection":[{"href":"https:\/\/sportmentalcoachgianni.ch\/index.php?rest_route=\/wp\/v2\/pages"}],"about":[{"href":"https:\/\/sportmentalcoachgianni.ch\/index.php?rest_route=\/wp\/v2\/types\/page"}],"author":[{"embeddable":true,"href":"https:\/\/sportmentalcoachgianni.ch\/index.php?rest_route=\/wp\/v2\/users\/1"}],"replies":[{"embeddable":true,"href":"https:\/\/sportmentalcoachgianni.ch\/index.php?rest_route=%2Fwp%2Fv2%2Fcomments&post=38"}],"version-history":[{"count":15,"href":"https:\/\/sportmentalcoachgianni.ch\/index.php?rest_route=\/wp\/v2\/pages\/38\/revisions"}],"predecessor-version":[{"id":1550,"href":"https:\/\/sportmentalcoachgianni.ch\/index.php?rest_route=\/wp\/v2\/pages\/38\/revisions\/1550"}],"wp:attachment":[{"href":"https:\/\/sportmentalcoachgianni.ch\/index.php?rest_route=%2Fwp%2Fv2%2Fmedia&parent=38"}],"curies":[{"name":"wp","href":"https:\/\/api.w.org\/{rel}","templated":true}]}}