{"id":1448,"date":"2025-04-11T11:17:11","date_gmt":"2025-04-11T11:17:11","guid":{"rendered":"https:\/\/sportmentalcoachgianni.ch\/?page_id=1448"},"modified":"2025-04-14T06:54:52","modified_gmt":"2025-04-14T06:54:52","slug":"coach-the-coach-2","status":"publish","type":"page","link":"https:\/\/sportmentalcoachgianni.ch\/?page_id=1448","title":{"rendered":"Coach the Coach"},"content":{"rendered":"\n<p><strong>Mentale St\u00e4rke im Traineralltag \u2013  f\u00fcr Trainer, die mehr aus sich und ihrem Team herausholen wollen<\/strong><\/p>\n\n\n\n<p>Du weisst, wie entscheidend der Kopf deiner Athlet:innen am Wettkampftag ist. In diesem Coaching lernst du, mentale Aspekte gezielt in dein Training zu integrieren \u2013 praxisnah, abgestimmt auf dein Team oder deine Sportart.<\/p>\n\n\n\n<p>Vielleicht kennst du bereits erste sportpsychologische Tools aus deiner Trainerausbildung. Jetzt willst du dein Wissen vertiefen, neue Techniken kennenlernen und eigene, mental orientierte Trainingsformen entwickeln und genau werde ich ansetzen.<\/p>\n\n\n\n<p>Trainer und Mentaltrainer stehen nicht in Konkurrenz \u2013 sie erg\u00e4nzen sich. W\u00e4hrend du die physische, technische und taktische Entwicklung verantwortest, liegt mein Fokus auf der mentalen St\u00e4rke. Gemeinsam schaffen wir die Basis f\u00fcr mehr <strong>Konzentration, Teamgeist, Selbstvertrauen<\/strong> \u2013 und konstante Leistung im Training und Wettkampf.<\/p>\n\n\n\n<p>Auf Wunsch arbeiten wir auch an deiner pers\u00f6nlichen Entwicklung als Coach. Denn auch Trainer brauchen hin und wieder einen neutralen Sparringspartner \u2013 um Klarheit zu gewinnen, neue Perspektiven zu finden und ihre eigene Rolle weiterzuentwickeln.<\/p>\n\n\n\n<p class=\"has-text-align-center\"><em>Preis Einzelcoaching: CHF 150.- \/ 45 Min.<\/em><\/p>\n\n\n\n<div style=\"height:100px\" aria-hidden=\"true\" class=\"wp-block-spacer\"><\/div>\n\n\n\n<div style=\"height:100px\" aria-hidden=\"true\" class=\"wp-block-spacer\"><\/div>\n","protected":false},"excerpt":{"rendered":"<p>Mentale St\u00e4rke im Traineralltag \u2013 f\u00fcr Trainer, die mehr aus sich und ihrem Team herausholen wollen Du weisst, wie entscheidend der Kopf [&hellip;]<\/p>\n","protected":false},"author":1,"featured_media":0,"parent":0,"menu_order":0,"comment_status":"closed","ping_status":"closed","template":"","meta":{"_eb_attr":"","_uag_custom_page_level_css":"","_themeisle_gutenberg_block_has_review":false,"footnotes":""},"class_list":["post-1448","page","type-page","status-publish","hentry"],"uagb_featured_image_src":{"full":false,"thumbnail":false,"medium":false,"medium_large":false,"large":false,"1536x1536":false,"2048x2048":false,"sydney-large-thumb":false,"sydney-medium-thumb":false,"sydney-small-thumb":false,"sydney-service-thumb":false,"sydney-mas-thumb":false},"uagb_author_info":{"display_name":"sportmentalcoachgianni","author_link":"https:\/\/sportmentalcoachgianni.ch\/?author=1"},"uagb_comment_info":0,"uagb_excerpt":"Mentale St\u00e4rke im Traineralltag \u2013 f\u00fcr Trainer, die mehr aus sich und ihrem Team herausholen wollen Du weisst, wie entscheidend der Kopf [&hellip;]","_links":{"self":[{"href":"https:\/\/sportmentalcoachgianni.ch\/index.php?rest_route=\/wp\/v2\/pages\/1448","targetHints":{"allow":["GET"]}}],"collection":[{"href":"https:\/\/sportmentalcoachgianni.ch\/index.php?rest_route=\/wp\/v2\/pages"}],"about":[{"href":"https:\/\/sportmentalcoachgianni.ch\/index.php?rest_route=\/wp\/v2\/types\/page"}],"author":[{"embeddable":true,"href":"https:\/\/sportmentalcoachgianni.ch\/index.php?rest_route=\/wp\/v2\/users\/1"}],"replies":[{"embeddable":true,"href":"https:\/\/sportmentalcoachgianni.ch\/index.php?rest_route=%2Fwp%2Fv2%2Fcomments&post=1448"}],"version-history":[{"count":2,"href":"https:\/\/sportmentalcoachgianni.ch\/index.php?rest_route=\/wp\/v2\/pages\/1448\/revisions"}],"predecessor-version":[{"id":1510,"href":"https:\/\/sportmentalcoachgianni.ch\/index.php?rest_route=\/wp\/v2\/pages\/1448\/revisions\/1510"}],"wp:attachment":[{"href":"https:\/\/sportmentalcoachgianni.ch\/index.php?rest_route=%2Fwp%2Fv2%2Fmedia&parent=1448"}],"curies":[{"name":"wp","href":"https:\/\/api.w.org\/{rel}","templated":true}]}}