{"id":1358,"date":"2025-04-03T06:35:13","date_gmt":"2025-04-03T06:35:13","guid":{"rendered":"https:\/\/sportmentalcoachgianni.ch\/?page_id=1358"},"modified":"2025-04-14T06:51:19","modified_gmt":"2025-04-14T06:51:19","slug":"elterncoaching","status":"publish","type":"page","link":"https:\/\/sportmentalcoachgianni.ch\/?page_id=1358","title":{"rendered":"Elterncoaching"},"content":{"rendered":"\n<p><strong>Elterncoaching \u2013 bewusst begleiten, gezielt st\u00e4rken \u2013 mit Klarheit, Vertrauen und Herz<\/strong><\/p>\n\n\n\n<p>Als Eltern wollen Sie nur das Beste f\u00fcr Ihr Kind \u2013 gerade im Sport. Ihre Worte und Handlungen sind gut gemeint und sollen unterst\u00fctzen. Doch manchmal verfehlen sie ungewollt ihre Wirkung. Warum ist das so?<\/p>\n\n\n\n<p>Die Rolle der Eltern ist zentral f\u00fcr die gesunde Leistungsentwicklung junger Athlet:innen. Sie begleiten, motivieren und pr\u00e4gen \u2013 oft st\u00e4rker, als ihnen bewusst ist.<\/p>\n\n\n\n<p>Im Elterncoaching geht es darum, genau dieses Bewusstsein zu sch\u00e4rfen: Wie wirkt mein Verhalten vor, w\u00e4hrend und nach dem Wettkampf? Welche Worte st\u00e4rken \u2013 und welche bremsen? Wie unterst\u00fctze ich mein Kind, ohne Druck auszu\u00fcben?<\/p>\n\n\n\n<p>Ich helfe Ihnen dabei, die Balance zu finden zwischen N\u00e4he und Loslassen. Damit Ihr Kind nicht nur sportlich w\u00e4chst, sondern auch mental stark wird \u2013 und der Sport eine Freude bleibt.<\/p>\n\n\n\n<p class=\"has-text-align-center\"><em>Preis Elterncoaching: CHF 150.- \/ 45 Min.<\/em><\/p>\n\n\n\n<div style=\"height:100px\" aria-hidden=\"true\" class=\"wp-block-spacer\"><\/div>\n\n\n\n<div style=\"height:100px\" aria-hidden=\"true\" class=\"wp-block-spacer\"><\/div>\n\n\n\n<p><\/p>\n","protected":false},"excerpt":{"rendered":"<p>Elterncoaching \u2013 bewusst begleiten, gezielt st\u00e4rken \u2013 mit Klarheit, Vertrauen und Herz Als Eltern wollen Sie nur das Beste f\u00fcr Ihr Kind [&hellip;]<\/p>\n","protected":false},"author":1,"featured_media":0,"parent":0,"menu_order":0,"comment_status":"closed","ping_status":"closed","template":"","meta":{"_eb_attr":"","_uag_custom_page_level_css":"","_themeisle_gutenberg_block_has_review":false,"footnotes":""},"class_list":["post-1358","page","type-page","status-publish","hentry"],"uagb_featured_image_src":{"full":false,"thumbnail":false,"medium":false,"medium_large":false,"large":false,"1536x1536":false,"2048x2048":false,"sydney-large-thumb":false,"sydney-medium-thumb":false,"sydney-small-thumb":false,"sydney-service-thumb":false,"sydney-mas-thumb":false},"uagb_author_info":{"display_name":"sportmentalcoachgianni","author_link":"https:\/\/sportmentalcoachgianni.ch\/?author=1"},"uagb_comment_info":0,"uagb_excerpt":"Elterncoaching \u2013 bewusst begleiten, gezielt st\u00e4rken \u2013 mit Klarheit, Vertrauen und Herz Als Eltern wollen Sie nur das Beste f\u00fcr Ihr Kind [&hellip;]","_links":{"self":[{"href":"https:\/\/sportmentalcoachgianni.ch\/index.php?rest_route=\/wp\/v2\/pages\/1358","targetHints":{"allow":["GET"]}}],"collection":[{"href":"https:\/\/sportmentalcoachgianni.ch\/index.php?rest_route=\/wp\/v2\/pages"}],"about":[{"href":"https:\/\/sportmentalcoachgianni.ch\/index.php?rest_route=\/wp\/v2\/types\/page"}],"author":[{"embeddable":true,"href":"https:\/\/sportmentalcoachgianni.ch\/index.php?rest_route=\/wp\/v2\/users\/1"}],"replies":[{"embeddable":true,"href":"https:\/\/sportmentalcoachgianni.ch\/index.php?rest_route=%2Fwp%2Fv2%2Fcomments&post=1358"}],"version-history":[{"count":5,"href":"https:\/\/sportmentalcoachgianni.ch\/index.php?rest_route=\/wp\/v2\/pages\/1358\/revisions"}],"predecessor-version":[{"id":1508,"href":"https:\/\/sportmentalcoachgianni.ch\/index.php?rest_route=\/wp\/v2\/pages\/1358\/revisions\/1508"}],"wp:attachment":[{"href":"https:\/\/sportmentalcoachgianni.ch\/index.php?rest_route=%2Fwp%2Fv2%2Fmedia&parent=1358"}],"curies":[{"name":"wp","href":"https:\/\/api.w.org\/{rel}","templated":true}]}}