{"id":1351,"date":"2025-04-03T07:15:24","date_gmt":"2025-04-03T07:15:24","guid":{"rendered":"https:\/\/sportmentalcoachgianni.ch\/?page_id=1351"},"modified":"2025-06-05T18:05:58","modified_gmt":"2025-06-05T18:05:58","slug":"sportmentalcoaching","status":"publish","type":"page","link":"https:\/\/sportmentalcoachgianni.ch\/?page_id=1351","title":{"rendered":"SportMentalCoaching"},"content":{"rendered":"\n<div id=\"wp-block-themeisle-blocks-advanced-columns-02d86e0d\" class=\"wp-block-themeisle-blocks-advanced-columns alignfull has-1-columns has-desktop-equal-layout has-tablet-equal-layout has-mobile-collapsedRows-layout has-vertical-center ticss-c00aadba\"><div class=\"wp-block-themeisle-blocks-advanced-columns-overlay\"><\/div><div class=\"innerblocks-wrap\">\n<div id=\"wp-block-themeisle-blocks-advanced-column-853c0cd5\" class=\"wp-block-themeisle-blocks-advanced-column\">\n<p id=\"wp-block-themeisle-blocks-advanced-heading-15dd99e6\" class=\"wp-block-themeisle-blocks-advanced-heading wp-block-themeisle-blocks-advanced-heading-15dd99e6\">&#171;Erfolg ist kein Zufall und ein St\u00f6rfaktor nicht dein Schicksal&#187;<\/p>\n<\/div>\n<\/div><\/div>\n\n\n\n<p><strong>Leistung beginnt im Kopf<\/strong><br><br>Im entscheidenden Moment fokussiert zu bleiben, mit Druck umzugehen oder nach einem R\u00fcckschlag wieder aufzustehen \u2013 genau hier setzt mentales Training an.<br>Als Sport Mental Coach unterst\u00fctze ich Athletinnen und Athleten dabei, ihre mentale St\u00e4rke gezielt zu entwickeln. Klar strukturiert, individuell abgestimmt \u2013 und immer mit dem Ziel, das Beste aus dir herauszuholen.<br>Ob Wettkampfvorbereitung, Motivation, Umgang mit Nervosit\u00e4t oder mentale Regeneration: Ich arbeite praxisnah und auf Augenh\u00f6he.<br><br><strong>Du bringst das Talent mit. Ich helfe dir, es im richtigen Moment abrufen zu k\u00f6nnen.<\/strong><\/p>\n\n\n\n<p class=\"has-text-align-center\"><\/p>\n\n\n\n<p><\/p>\n","protected":false},"excerpt":{"rendered":"<p>Leistung beginnt im Kopf Im entscheidenden Moment fokussiert zu bleiben, mit Druck umzugehen oder nach einem R\u00fcckschlag wieder aufzustehen \u2013 genau hier [&hellip;]<\/p>\n","protected":false},"author":1,"featured_media":0,"parent":0,"menu_order":0,"comment_status":"closed","ping_status":"closed","template":"","meta":{"_eb_attr":"","_uag_custom_page_level_css":"","_themeisle_gutenberg_block_has_review":false,"footnotes":""},"class_list":["post-1351","page","type-page","status-publish","hentry"],"uagb_featured_image_src":{"full":false,"thumbnail":false,"medium":false,"medium_large":false,"large":false,"1536x1536":false,"2048x2048":false,"sydney-large-thumb":false,"sydney-medium-thumb":false,"sydney-small-thumb":false,"sydney-service-thumb":false,"sydney-mas-thumb":false},"uagb_author_info":{"display_name":"sportmentalcoachgianni","author_link":"https:\/\/sportmentalcoachgianni.ch\/?author=1"},"uagb_comment_info":0,"uagb_excerpt":"Leistung beginnt im Kopf Im entscheidenden Moment fokussiert zu bleiben, mit Druck umzugehen oder nach einem R\u00fcckschlag wieder aufzustehen \u2013 genau hier [&hellip;]","_links":{"self":[{"href":"https:\/\/sportmentalcoachgianni.ch\/index.php?rest_route=\/wp\/v2\/pages\/1351","targetHints":{"allow":["GET"]}}],"collection":[{"href":"https:\/\/sportmentalcoachgianni.ch\/index.php?rest_route=\/wp\/v2\/pages"}],"about":[{"href":"https:\/\/sportmentalcoachgianni.ch\/index.php?rest_route=\/wp\/v2\/types\/page"}],"author":[{"embeddable":true,"href":"https:\/\/sportmentalcoachgianni.ch\/index.php?rest_route=\/wp\/v2\/users\/1"}],"replies":[{"embeddable":true,"href":"https:\/\/sportmentalcoachgianni.ch\/index.php?rest_route=%2Fwp%2Fv2%2Fcomments&post=1351"}],"version-history":[{"count":10,"href":"https:\/\/sportmentalcoachgianni.ch\/index.php?rest_route=\/wp\/v2\/pages\/1351\/revisions"}],"predecessor-version":[{"id":1543,"href":"https:\/\/sportmentalcoachgianni.ch\/index.php?rest_route=\/wp\/v2\/pages\/1351\/revisions\/1543"}],"wp:attachment":[{"href":"https:\/\/sportmentalcoachgianni.ch\/index.php?rest_route=%2Fwp%2Fv2%2Fmedia&parent=1351"}],"curies":[{"name":"wp","href":"https:\/\/api.w.org\/{rel}","templated":true}]}}